{"id":7,"date":"2023-09-20T14:28:43","date_gmt":"2023-09-20T14:28:43","guid":{"rendered":"https:\/\/diva-beauty.ch\/?page_id=7"},"modified":"2024-06-03T08:47:16","modified_gmt":"2024-06-03T06:47:16","slug":"mesmerize-pro","status":"publish","type":"page","link":"https:\/\/diva-beauty.ch\/","title":{"rendered":"Front Page"},"content":{"rendered":"\n<div class=\"wp-block-group is-nowrap is-layout-flex wp-container-core-group-is-layout-ad2f72ca wp-block-group-is-layout-flex\">\n<div id=\"about-1\" class=\"about-1 content-section content-relative\" style=\"background-color: #ffffff; background-image: none;\" data-label=\"About\" data-id=\"about-1\" data-export-id=\"about-1\" data-category=\"about\" data-section-ov=\"1\">\n<div class=\"gridContainer\">\n<div class=\"row text-center\">\n<div class=\"section-title-col\" data-type=\"column\">\n<h2 class=\"\" style=\"text-align: center;\">Herzlich Willkommen bei DIVA BEAUTY <br \/>Ihr Trendskosmetikstudio im Herzen von Killwangen!<\/h2>\n<p class=\"lead\" style=\"text-align: center;\">Tauchen Sie ein in eine Welt voller Sch\u00f6nheit und Eleganz. Bei uns dreht sich alles um Qualit\u00e4t und Kundenzufriedenheit.<\/p>\n<p class=\"lead\" style=\"text-align: center;\">Unsere Vision ist es, Ihre nat\u00fcrliche Sch\u00f6nheit zu unterstreichen und Ihnen ein unvergessliches Erlebnis zu bieten. Von innovativen Behandlungen bis hin zu klassische Anwendungen. Bei uns kannst du unter einer vielf\u00e4ltigen Auswahl an Nagelmodellagen sowie Manicure und Pedicure aussuchen oder dich auf atemberaubenden Wimpernverl\u00e4ngerungen und Augenbrauenliftings freuen.<\/p>\n<p style=\"text-align: center;\">&#171;Perfektionismus&#187; Dieses Wort h\u00f6ren wir von unseren Kundinnen immer wieder gerne. Bei<br \/>DIVA BEAUTY seht die Kundenzufriedenheit an erster Stelle. Wir nehmen uns Zeit, um Ihre individuellen Bed\u00fcrfnisse zu verstehen und massgeschneiderte L\u00f6sungen anzubieten, die Ihre Erwartungen \u00fcbertreffen.<\/p>\n<p class=\"lead\" style=\"text-align: center;\">Besuchen Sie uns noch heute und entdecken Sie, was es heisst, sich in erfahrenen H\u00e4nden verw\u00f6hnen zu lassen. Ihre Sch\u00f6nheit verdient nur das Beste.<\/p>\n<\/div>\n<\/div>\n<div class=\"row\">\n<div class=\"button-holder space-bottom space-bottom-small\" data-type=\"column\"><a class=\"button color3\" href=\"https:\/\/maps.app.goo.gl\/9TBtUfE9WvQqBS52A\" target=\"_blank\" rel=\"noopener\" data-cp-link=\"1\" data-icon=\"fa-map\">ROUTENPLANUNG<\/a><\/div>\n<div class=\"col-xs bottom-xs flexbox image-group-bottom-3-img space-bottom-xs center-xs\"><img decoding=\"async\" class=\"left-img shadow-large-black\" title=\"cropped-Header.png\" src=\"https:\/\/diva-beauty.ch\/wp-content\/uploads\/2023\/09\/cropped-Header.png\" alt=\"\" data-size=\"500x300\" \/> <img decoding=\"async\" class=\"center-img shadow-large-black\" title=\"cropped-VK-Diva-Beauty-1.png\" src=\"https:\/\/diva-beauty.ch\/wp-content\/uploads\/2023\/09\/cropped-VK-Diva-Beauty-1.png\" alt=\"\" data-size=\"500x300\" \/> <img decoding=\"async\" class=\"right-img shadow-large-black aligncenter\" title=\"favicon\" src=\"https:\/\/diva-beauty.ch\/wp-content\/uploads\/2023\/09\/cropped-cropped-favicon-1-1.png\" alt=\"\" data-size=\"500x300\" \/><\/div>\n<\/div>\n<\/div>\n<\/div>\n<div id=\"about-5\" class=\"about-9 content-section content-section-spacing\" style=\"background-color: #ffffff;\" data-label=\"About\" data-id=\"about--4\" data-export-id=\"about-9\" data-category=\"about\">\n<div class=\"gridContainer\">\n<h5 class=\"\">\u00a0<\/h5>\n<div class=\"row middle-sm text-center\">\n<div class=\"col-sm-7 flexbox flexbox middle-xs center-xs space-bottom-xs\">\n<div class=\"overlay-box flexbox middle-xs center-xs overlay-holder \">\n<p style=\"text-align: left;\">\u00a0<\/p>\n<\/div>\n<\/div>\n<\/div>\n<\/div>\n<\/div>\n<div id=\"contact-1\" class=\"contact-1 content-section content-section-spacing white-text\" style=\"background-image: url('https:\/\/diva-beauty.ch\/wp-content\/uploads\/2023\/09\/cropped-Header.png'); background-size: cover; background-position: top;\" data-label=\"Contact\" data-id=\"contact-1\" data-export-id=\"contact-1\" data-category=\"contact\" data-parallax-depth=\"20\" data-section-ov=\"1\">\n<div class=\"gridContainer\">\n<div class=\"row text-center\">\n<div class=\"section-title-col\" data-type=\"column\">\n<h2>\u00a0<\/h2>\n<h2 class=\"\"><span style=\"color: #302100;\">Bleiben wir im Kontakt<\/span><\/h2>\n<\/div>\n<\/div>\n<div class=\"row text-center\">\n<div class=\"col-xs-12 col-sm-8 col-sm-offset-2 contact-form-wrapper inline-info\">\n<div class=\"card large-padding\">\n<div class=\"\" data-content-shortcode=\"mesmerize_contact_form shortcode=&quot;contact-form-7 id=&amp;amp;quot;502fe4d&amp;amp;quot; title=&amp;amp;quot;Kontaktformular 1&amp;amp;quot;&quot;\" data-editable=\"true\">\n<div class=\"wpcf7 no-js\" id=\"wpcf7-f9-o1\" lang=\"de-CH\" dir=\"ltr\">\n<div class=\"screen-reader-response\"><p role=\"status\" aria-live=\"polite\" aria-atomic=\"true\"><\/p> <ul><\/ul><\/div>\n<form action=\"\/index.php?rest_route=%2Fwp%2Fv2%2Fpages%2F7#wpcf7-f9-o1\" method=\"post\" class=\"wpcf7-form init\" aria-label=\"Contact form\" novalidate=\"novalidate\" data-status=\"init\">\n<div style=\"display: none;\">\n<input type=\"hidden\" name=\"_wpcf7\" value=\"9\" \/>\n<input type=\"hidden\" name=\"_wpcf7_version\" value=\"5.8\" \/>\n<input type=\"hidden\" name=\"_wpcf7_locale\" value=\"de_CH\" \/>\n<input type=\"hidden\" name=\"_wpcf7_unit_tag\" value=\"wpcf7-f9-o1\" \/>\n<input type=\"hidden\" name=\"_wpcf7_container_post\" value=\"0\" \/>\n<input type=\"hidden\" name=\"_wpcf7_posted_data_hash\" value=\"\" \/>\n<\/div>\n<p><label> Name<br \/>\n<span class=\"wpcf7-form-control-wrap\" data-name=\"your-name\"><input size=\"40\" class=\"wpcf7-form-control wpcf7-text wpcf7-validates-as-required\" autocomplete=\"name\" aria-required=\"true\" aria-invalid=\"false\" value=\"\" type=\"text\" name=\"your-name\" \/><\/span> <\/label>\n<\/p>\n<p><label> Email<br \/>\n<span class=\"wpcf7-form-control-wrap\" data-name=\"your-email\"><input size=\"40\" class=\"wpcf7-form-control wpcf7-email wpcf7-validates-as-required wpcf7-text wpcf7-validates-as-email\" autocomplete=\"email\" aria-required=\"true\" aria-invalid=\"false\" value=\"\" type=\"email\" name=\"your-email\" \/><\/span> <\/label>\n<\/p>\n<p><label> Nachricht<br \/>\n<span class=\"wpcf7-form-control-wrap\" data-name=\"your-message\"><textarea cols=\"40\" rows=\"10\" class=\"wpcf7-form-control wpcf7-textarea wpcf7-validates-as-required\" aria-required=\"true\" aria-invalid=\"false\" name=\"your-message\"><\/textarea><\/span> <\/label>\n<\/p>\n<p><input class=\"wpcf7-form-control wpcf7-submit has-spinner\" type=\"submit\" value=\"Nachricht senden\" \/>\n<\/p><div class=\"wpcf7-response-output\" aria-hidden=\"true\"><\/div>\n<\/form>\n<\/div>\n<\/div>\n<\/div>\n<\/div>\n<\/div>\n<\/div>\n<\/div>\n\n\n\n<ul class=\"wp-block-list\">\n<li><\/li>\n<\/ul>\n<\/div>\n","protected":false},"excerpt":{"rendered":"<p>Herzlich Willkommen bei DIVA BEAUTY Ihr Trendskosmetikstudio im Herzen von Killwangen! Tauchen Sie ein in eine Welt voller Sch\u00f6nheit und Eleganz. Bei uns dreht sich alles um Qualit\u00e4t und Kundenzufriedenheit. Unsere Vision ist es, Ihre nat\u00fcrliche Sch\u00f6nheit zu unterstreichen und Ihnen ein unvergessliches Erlebnis zu bieten. Von innovativen Behandlungen bis hin zu klassische Anwendungen. Bei&hellip; <br \/> <a class=\"read-more\" href=\"https:\/\/diva-beauty.ch\/\">Read more<\/a><\/p>\n","protected":false},"author":1,"featured_media":0,"parent":0,"menu_order":0,"comment_status":"closed","ping_status":"closed","template":"page-templates\/homepage.php","meta":{"footnotes":""},"class_list":["post-7","page","type-page","status-publish","hentry"],"_links":{"self":[{"href":"https:\/\/diva-beauty.ch\/index.php?rest_route=\/wp\/v2\/pages\/7","targetHints":{"allow":["GET"]}}],"collection":[{"href":"https:\/\/diva-beauty.ch\/index.php?rest_route=\/wp\/v2\/pages"}],"about":[{"href":"https:\/\/diva-beauty.ch\/index.php?rest_route=\/wp\/v2\/types\/page"}],"author":[{"embeddable":true,"href":"https:\/\/diva-beauty.ch\/index.php?rest_route=\/wp\/v2\/users\/1"}],"replies":[{"embeddable":true,"href":"https:\/\/diva-beauty.ch\/index.php?rest_route=%2Fwp%2Fv2%2Fcomments&post=7"}],"version-history":[{"count":22,"href":"https:\/\/diva-beauty.ch\/index.php?rest_route=\/wp\/v2\/pages\/7\/revisions"}],"predecessor-version":[{"id":93,"href":"https:\/\/diva-beauty.ch\/index.php?rest_route=\/wp\/v2\/pages\/7\/revisions\/93"}],"wp:attachment":[{"href":"https:\/\/diva-beauty.ch\/index.php?rest_route=%2Fwp%2Fv2%2Fmedia&parent=7"}],"curies":[{"name":"wp","href":"https:\/\/api.w.org\/{rel}","templated":true}]}}